{"id":17,"date":"2018-05-29T11:14:04","date_gmt":"2018-05-29T11:14:04","guid":{"rendered":"http:\/\/xtratheme.com\/default\/?page_id=17"},"modified":"2023-07-12T12:56:13","modified_gmt":"2023-07-12T12:56:13","slug":"%d8%a7%d8%aa%d8%b5%d9%84","status":"publish","type":"page","link":"https:\/\/oseastrading.com\/ar\/%d8%a7%d8%aa%d8%b5%d9%84\/","title":{"rendered":"\u0627\u062a\u0635\u0644 \u0628\u0646\u0627"},"content":{"rendered":"<p>[vc_row][vc_column][vc_column_text]i[\/vc_column_text][\/vc_column][\/vc_row][vc_row full_width=&#8221;stretch_row&#8221; css=&#8221;.vc_custom_1531400265897{background-color: #f4f4f4 !important;}&#8221;][vc_column offset=&#8221;vc_col-md-6&#8243;]<div class=\"cz_gap clr \" style=\"height: 70px\"><\/div><div id=\"cz_51118\" class=\"cz_51118 cz_title clr cz_title_pos_inline\"><div class=\"cz_title_content\"><div class=\"cz_wpe_content\"><div id=\"tw-target-text-container\" class=\"gsrt tw-nfl tw-ta-container\">\n<pre id=\"tw-target-text\" class=\"tw-data-text tw-ta tw-text-large\" dir=\"rtl\" data-placeholder=\"\u00c7eviri\" data-fulltext=\"\"><span style=\"font-size: 26px;\"><strong><span lang=\"ar\" tabindex=\"0\">\u0627\u062a\u0635\u0627\u0644\u0627\u062a<\/span><\/strong><\/span><\/pre>\n<pre class=\"tw-data-text tw-ta tw-text-medium\" lang=\"en\"><\/pre>\n<\/div>\n<\/div><\/div><\/div><div class=\"cz_gap clr \" style=\"height: 60px\"><\/div><div id=\"cz_57386\" class=\"cz_57386 cz_cf7 clr\"><div>\n<div class=\"wpcf7 no-js\" id=\"wpcf7-f126-o1\" lang=\"en-US\" dir=\"ltr\">\n<div class=\"screen-reader-response\"><p role=\"status\" aria-live=\"polite\" aria-atomic=\"true\"><\/p> <ul><\/ul><\/div>\n<form action=\"\/ar\/wp-json\/wp\/v2\/pages\/17#wpcf7-f126-o1\" method=\"post\" class=\"wpcf7-form init\" aria-label=\"Contact form\" novalidate=\"novalidate\" data-status=\"init\">\n<div style=\"display: none;\">\n<input type=\"hidden\" name=\"_wpcf7\" value=\"126\" \/>\n<input type=\"hidden\" name=\"_wpcf7_version\" value=\"5.7.7\" \/>\n<input type=\"hidden\" name=\"_wpcf7_locale\" value=\"en_US\" \/>\n<input type=\"hidden\" name=\"_wpcf7_unit_tag\" value=\"wpcf7-f126-o1\" \/>\n<input type=\"hidden\" name=\"_wpcf7_container_post\" value=\"0\" \/>\n<input type=\"hidden\" name=\"_wpcf7_posted_data_hash\" value=\"\" \/>\n<\/div>\n<p><span class=\"wpcf7-form-control-wrap\" data-name=\"your-name\"><input size=\"40\" class=\"wpcf7-form-control wpcf7-text wpcf7-validates-as-required\" aria-required=\"true\" aria-invalid=\"false\" placeholder=\"Your Name (*)\" value=\"\" type=\"text\" name=\"your-name\" \/><\/span>\n<\/p>\n<p><span class=\"wpcf7-form-control-wrap\" data-name=\"your-email\"><input size=\"40\" class=\"wpcf7-form-control wpcf7-text wpcf7-email wpcf7-validates-as-required wpcf7-validates-as-email\" aria-required=\"true\" aria-invalid=\"false\" placeholder=\"Your Email (*)\" value=\"\" type=\"email\" name=\"your-email\" \/><\/span>\n<\/p>\n<p><span class=\"wpcf7-form-control-wrap\" data-name=\"your-subject\"><input size=\"40\" class=\"wpcf7-form-control wpcf7-text\" aria-invalid=\"false\" placeholder=\"Subject\" value=\"\" type=\"text\" name=\"your-subject\" \/><\/span>\n<\/p>\n<p><span class=\"wpcf7-form-control-wrap\" data-name=\"menu-178\"><select class=\"wpcf7-form-control wpcf7-select\" aria-invalid=\"false\" name=\"menu-178\"><option value=\"Business Department\">Business Department<\/option><option value=\"Personal Department\">Personal Department<\/option><option value=\"Support Department\">Support Department<\/option><option value=\"Others\">Others<\/option><\/select><\/span>\n<\/p>\n<p><span class=\"wpcf7-form-control-wrap\" data-name=\"your-message\"><textarea cols=\"40\" rows=\"10\" class=\"wpcf7-form-control wpcf7-textarea\" aria-invalid=\"false\" placeholder=\"Your Message\" name=\"your-message\"><\/textarea><\/span>\n<\/p>\n<p><input class=\"wpcf7-form-control has-spinner wpcf7-submit\" type=\"submit\" value=\"Send Message\" \/>\n<\/p><div class=\"wpcf7-response-output\" aria-hidden=\"true\"><\/div>\n<\/form>\n<\/div>\n<\/div><\/div>[\/vc_column][vc_column offset=&#8221;vc_col-md-6&#8243;]<div class=\"cz_eqh cz_content_box_parent_fx  \"><div id=\"cz_14327\" class=\"cz_14327 cz_content_box clr\"><div class=\"cz_box_front clr\"><div class=\"cz_box_front_inner clr cz_content_box_full_after\"><div>[vc_column_text]<\/p>\n<p style=\"text-align: center;\"><span style=\"color: #ffffff;\"><strong>T\u00fcrkiye\/Turkey\/\u062a\u0631\u0643\u064a\u0627\u00a0<\/strong><\/span><\/p>\n<p>[\/vc_column_text]<div id=\"cz_11504\" class=\"cz_11504 services clr style1 cz_sbi_fx_11 left\"><div class=\"service_custom\"><i class=\"fa czico-007-phone-chat-with-wifi-signal\"><\/i><\/div><div class=\"service_text\"><h3>Telefon<\/h3><div class=\"cz_wpe_content\"><img decoding=\"async\" loading=\"lazy\" class=\"alignnone size-medium wp-image-1244\" src=\"data:image\/svg+xml,%3Csvg%20xmlns%3D&#39;http%3A%2F%2Fwww.w3.org%2F2000%2Fsvg&#39;%20width=&#39;300&#39;%20height=&#39;35&#39;%20viewBox%3D&#39;0%200%20300%2035&#39;%2F%3E\" data-czlz data-src=\"https:\/\/oseastrading.com\/wp-content\/uploads\/2019\/04\/Ba\u015fl\u0131ks\u0131z-1-300x35.png\" alt=\"\" width=\"300\" height=\"35\" data-srcset=\"https:\/\/oseastrading.com\/wp-content\/uploads\/2019\/04\/Ba\u015fl\u0131ks\u0131z-1-300x35.png 300w, https:\/\/oseastrading.com\/wp-content\/uploads\/2019\/04\/Ba\u015fl\u0131ks\u0131z-1.png 392w\" data-sizes=\"(max-width: 300px) 100vw, 300px\" \/><\/div><\/div><\/div><div id=\"cz_79874\" class=\"cz_79874 services clr style1 cz_sbi_fx_11 left\"><div class=\"service_custom\"><i class=\"fa czico-006-speech-bubble-with-text-lines\"><\/i><\/div><div class=\"service_text\"><h3>Mail<\/h3><div class=\"cz_wpe_content\"><span style=\"font-size: 18px; color: #aaaaaa;\">info@hypergroup.com.tr<\/span><\/div><\/div><\/div><div id=\"cz_89926\" class=\"cz_89926 services clr style1 cz_sbi_fx_11 left\"><div class=\"service_custom\"><i class=\"fa czico-082-maps-and-flags\"><\/i><\/div><div class=\"service_text\"><h3>Address<\/h3><div class=\"cz_wpe_content\"><span style=\"font-size: 18px; color: #aaaaaa;\">\u00d6merli Mh. Harmantepe Cad. No17-1 Arnavutk\u00f6y\/Istanbul\/T\u00fcrkiye<\/span><\/div><\/div><\/div><\/div><\/div><\/div><\/div><\/div>[\/vc_column][\/vc_row][vc_row full_width=&#8221;stretch_row&#8221; css=&#8221;.vc_custom_1531400265897{background-color: #f4f4f4 !important;}&#8221;][vc_column offset=&#8221;vc_col-md-6&#8243;][\/vc_column][vc_column offset=&#8221;vc_col-md-6&#8243;]<div class=\"cz_eqh cz_content_box_parent_fx  \"><div id=\"cz_14327\" class=\"cz_14327 cz_content_box clr\"><div class=\"cz_box_front clr\"><div class=\"cz_box_front_inner clr cz_content_box_full_after\"><div>[vc_column_text]<\/p>\n<p style=\"text-align: center;\"><span style=\"color: #ffffff;\"><strong>\u00c7in\/China\/\u0627\u0644\u0635\u064a\u0646<\/strong><\/span><\/p>\n<p>[\/vc_column_text]<div id=\"cz_60993\" class=\"cz_60993 services clr style1 cz_sbi_fx_11 left\"><div class=\"service_custom\"><i class=\"fa czico-007-phone-chat-with-wifi-signal\"><\/i><\/div><div class=\"service_text\"><h3>Phone<\/h3><div class=\"cz_wpe_content\"><img decoding=\"async\" loading=\"lazy\" class=\"size-full wp-image-1251 alignright\" src=\"data:image\/svg+xml,%3Csvg%20xmlns%3D&#39;http%3A%2F%2Fwww.w3.org%2F2000%2Fsvg&#39;%20width=&#39;170&#39;%20height=&#39;26&#39;%20viewBox%3D&#39;0%200%20170%2026&#39;%2F%3E\" data-czlz data-src=\"https:\/\/oseastrading.com\/wp-content\/uploads\/2019\/04\/Ba\u015fl\u0131ks\u0131z-1-3.png\" alt=\"\" width=\"170\" height=\"26\" \/><\/div><\/div><\/div><div id=\"cz_52675\" class=\"cz_52675 services clr style1 cz_sbi_fx_11 left\"><div class=\"service_custom\"><i class=\"fa czico-013-whatsapp-logo\"><\/i><\/div><div class=\"service_text\"><h3>WhatsApp<\/h3><div class=\"cz_wpe_content\"><img decoding=\"async\" loading=\"lazy\" class=\"size-full wp-image-1252 alignright\" src=\"data:image\/svg+xml,%3Csvg%20xmlns%3D&#39;http%3A%2F%2Fwww.w3.org%2F2000%2Fsvg&#39;%20width=&#39;147&#39;%20height=&#39;23&#39;%20viewBox%3D&#39;0%200%20147%2023&#39;%2F%3E\" data-czlz data-src=\"https:\/\/oseastrading.com\/wp-content\/uploads\/2019\/04\/Ba\u015fl\u0131ks\u0131z-1-4.png\" alt=\"\" width=\"147\" height=\"23\" \/><\/div><\/div><\/div><div id=\"cz_34549\" class=\"cz_34549 services clr style1 cz_sbi_fx_11 left\"><div class=\"service_custom\"><i class=\"fa czico-006-speech-bubble-with-text-lines\"><\/i><\/div><div class=\"service_text\"><h3>E-mail<\/h3><div class=\"cz_wpe_content\"><span style=\"font-size: 18px; color: #aaaaaa;\">info@hypergroup.com.tr<\/span><\/div><\/div><\/div><div id=\"cz_95616\" class=\"cz_95616 services clr style1 cz_sbi_fx_11 left\"><div class=\"service_custom\"><i class=\"fa czico-082-maps-and-flags\"><\/i><\/div><div class=\"service_text\"><h3>Address<\/h3><div class=\"cz_wpe_content\"><p style=\"text-align: left;\"><span style=\"font-size: 18px; color: #aaaaaa;\">Zhejiang Province, Ningbo City, High Tech Zone West Trade Mansion 1207, China\u00a0\u00a0<\/span><\/p>\n<\/div><\/div><\/div><\/div><\/div><\/div><\/div><\/div>[\/vc_column][\/vc_row]<\/p>\n","protected":false},"excerpt":{"rendered":"<p>[vc_row][vc_column][vc_column_text]i[\/vc_column_text][\/vc_column][\/vc_row][vc_row full_width=&#8221;stretch_row&#8221; css=&#8221;.vc_custom_1531400265897{background-color: #f4f4f4 !important;}&#8221;][vc_column offset=&#8221;vc_col-md-6&#8243;][\/vc_column][vc_column offset=&#8221;vc_col-md-6&#8243;][\/vc_column][\/vc_row][vc_row full_width=&#8221;stretch_row&#8221; css=&#8221;.vc_custom_1531400265897{background-color: #f4f4f4 !important;}&#8221;][vc_column offset=&#8221;vc_col-md-6&#8243;][\/vc_column][vc_column offset=&#8221;vc_col-md-6&#8243;][\/vc_column][\/vc_row] &#8230; <\/p>\n","protected":false},"author":2,"featured_media":0,"parent":0,"menu_order":0,"comment_status":"closed","ping_status":"closed","template":"","meta":{"_joinchat":[]},"_links":{"self":[{"href":"https:\/\/oseastrading.com\/ar\/wp-json\/wp\/v2\/pages\/17"}],"collection":[{"href":"https:\/\/oseastrading.com\/ar\/wp-json\/wp\/v2\/pages"}],"about":[{"href":"https:\/\/oseastrading.com\/ar\/wp-json\/wp\/v2\/types\/page"}],"author":[{"embeddable":true,"href":"https:\/\/oseastrading.com\/ar\/wp-json\/wp\/v2\/users\/2"}],"replies":[{"embeddable":true,"href":"https:\/\/oseastrading.com\/ar\/wp-json\/wp\/v2\/comments?post=17"}],"version-history":[{"count":49,"href":"https:\/\/oseastrading.com\/ar\/wp-json\/wp\/v2\/pages\/17\/revisions"}],"predecessor-version":[{"id":1455,"href":"https:\/\/oseastrading.com\/ar\/wp-json\/wp\/v2\/pages\/17\/revisions\/1455"}],"wp:attachment":[{"href":"https:\/\/oseastrading.com\/ar\/wp-json\/wp\/v2\/media?parent=17"}],"curies":[{"name":"wp","href":"https:\/\/api.w.org\/{rel}","templated":true}]}}